{"id":68,"date":"2022-07-13T00:00:49","date_gmt":"2022-07-12T22:00:49","guid":{"rendered":"https:\/\/oceanwp.org\/sport\/?page_id=68"},"modified":"2022-07-13T20:42:32","modified_gmt":"2022-07-13T18:42:32","slug":"contact-us","status":"publish","type":"page","link":"https:\/\/www.rousselconsulting.fr\/index.php\/contact-us\/","title":{"rendered":"Contact"},"content":{"rendered":"\t\t<div data-elementor-type=\"wp-post\" data-elementor-id=\"68\" class=\"elementor elementor-68\">\n\t\t\t\t\t\t\t\t\t<section class=\"elementor-section elementor-top-section elementor-element elementor-element-75b048a elementor-section-boxed elementor-section-height-default elementor-section-height-default\" data-id=\"75b048a\" data-element_type=\"section\">\n\t\t\t\t\t\t<div class=\"elementor-container elementor-column-gap-default\">\n\t\t\t\t\t<div class=\"elementor-column elementor-col-100 elementor-top-column elementor-element elementor-element-3d6a540\" data-id=\"3d6a540\" data-element_type=\"column\">\n\t\t\t<div class=\"elementor-widget-wrap elementor-element-populated\">\n\t\t\t\t\t\t\t\t<div class=\"elementor-element elementor-element-fdfa6f4 elementor-widget elementor-widget-text-editor\" data-id=\"fdfa6f4\" data-element_type=\"widget\" data-widget_type=\"text-editor.default\">\n\t\t\t\t<div class=\"elementor-widget-container\">\n\t\t\t\t\t\t\t\t\t\t\t\t\t<\/div>\n\t\t\t\t<\/div>\n\t\t\t\t\t<\/div>\n\t\t<\/div>\n\t\t\t\t\t\t\t<\/div>\n\t\t<\/section>\n\t\t\t\t<section class=\"elementor-section elementor-top-section elementor-element elementor-element-008t7ul elementor-section-boxed elementor-section-height-default elementor-section-height-default\" data-id=\"008t7ul\" data-element_type=\"section\">\n\t\t\t\t\t\t<div class=\"elementor-container elementor-column-gap-default\">\n\t\t\t\t\t<div class=\"elementor-column elementor-col-33 elementor-top-column elementor-element elementor-element-d0o1myu\" data-id=\"d0o1myu\" data-element_type=\"column\">\n\t\t\t<div class=\"elementor-widget-wrap elementor-element-populated\">\n\t\t\t\t\t\t\t\t<div class=\"elementor-element elementor-element-p6ndti2 elementor-widget elementor-widget-heading\" data-id=\"p6ndti2\" data-element_type=\"widget\" data-widget_type=\"heading.default\">\n\t\t\t\t<div class=\"elementor-widget-container\">\n\t\t\t<h2 class=\"elementor-heading-title elementor-size-default\">Contactez-nous<\/h2>\t\t<\/div>\n\t\t\t\t<\/div>\n\t\t\t\t<div class=\"elementor-element elementor-element-v720hwe elementor-widget elementor-widget-text-editor\" data-id=\"v720hwe\" data-element_type=\"widget\" data-widget_type=\"text-editor.default\">\n\t\t\t\t<div class=\"elementor-widget-container\">\n\t\t\t\t\t\t\t<p><img decoding=\"async\" class=\"wp-image-835 alignleft\" src=\"http:\/\/www.rousselconsulting.fr\/wp-content\/uploads\/2022\/02\/Flag_of_France.svg.png\" alt=\"\" width=\"62\" height=\"41\" \/>\u00a0\u00a0Pour communiquer vos demandes de devis et vos questions concernant les prestations, veuillez prendre contact en \u00e9crivant \u00e0 l\u2019adresse suivante :<\/p><p>contact@proussel.fr<\/p><p>Et nous nous engageons \u00e0 vous r\u00e9pondre dans les d\u00e9lais les plus brefs<\/p>\t\t\t\t\t\t<\/div>\n\t\t\t\t<\/div>\n\t\t\t\t<div class=\"elementor-element elementor-element-2e0a450 elementor-widget elementor-widget-text-editor\" data-id=\"2e0a450\" data-element_type=\"widget\" data-widget_type=\"text-editor.default\">\n\t\t\t\t<div class=\"elementor-widget-container\">\n\t\t\t\t\t\t\t<p><strong><img decoding=\"async\" class=\"wp-image-836 alignleft\" src=\"http:\/\/www.rousselconsulting.fr\/wp-content\/uploads\/2022\/02\/Flag_of_Germany.svg.png\" alt=\"\" width=\"78\" height=\"47\" \/>\u00a0 \u00a0 \u00a0 \u00a0 \u00a0 \u00a0 \u00a0 \u00a0 Kontakt<\/strong><\/p><p>F\u00fcr Preisanfragen und Fragen zu unserem Serviceangebot schreiben Sie bitte an:<\/p><p>contact@proussel.fr<\/p><p>Wir antworten Ihnen so schnell wie m\u00f6glich<\/p>\t\t\t\t\t\t<\/div>\n\t\t\t\t<\/div>\n\t\t\t\t<div class=\"elementor-element elementor-element-6f643c5 elementor-widget elementor-widget-text-editor\" data-id=\"6f643c5\" data-element_type=\"widget\" data-widget_type=\"text-editor.default\">\n\t\t\t\t<div class=\"elementor-widget-container\">\n\t\t\t\t\t\t\t<p class=\"has-text-align-center\" style=\"font-variant-ligatures: normal; font-variant-caps: normal; font-family: 'Open Sans'; font-size: 20px; font-style: normal; font-weight: 400; color: #929292;\"><span style=\"font-size: 20px; text-decoration-line: underline;\"><span style=\"font-size: 20px; font-weight: 600;\"><img decoding=\"async\" class=\"wp-image-832 alignleft\" style=\"font-size: 20px;\" src=\"http:\/\/www.rousselconsulting.fr\/wp-content\/uploads\/2022\/02\/180px-Flag_of_Spain.svg.png\" alt=\"\" width=\"74\" height=\"49\" \/>PRESTACIONES<\/span><\/span><\/p><p style=\"font-variant-ligatures: normal; font-variant-caps: normal; font-family: 'Open Sans'; font-size: 20px; font-style: normal; font-weight: 400; color: #929292;\"><em style=\"font-size: 20px;\"><span style=\"font-size: 20px; font-weight: 600;\">Consejo y formaci\u00f3n<\/span><\/em><\/p><p style=\"font-variant-ligatures: normal; font-variant-caps: normal; font-family: 'Open Sans'; font-size: 20px; font-style: normal; font-weight: 400; color: #929292;\">Resoluci\u00f3n de problemas relacionales y estructurales en el \u00e1mbito de las actividades internacionales: del diagn\u00f3stico a la aplicaci\u00f3n<\/p><p style=\"font-variant-ligatures: normal; font-variant-caps: normal; font-family: 'Open Sans'; font-size: 20px; font-style: normal; font-weight: 400; color: #929292;\">Formaciones destinadas a la gesti\u00f3n de los negocios en un entorno multicultural<\/p><p style=\"font-variant-ligatures: normal; font-variant-caps: normal; font-family: 'Open Sans'; font-size: 20px; font-style: normal; font-weight: 400; color: #929292;\">Apoyo en proyectos internacionales<\/p><p style=\"font-variant-ligatures: normal; font-variant-caps: normal; font-family: 'Open Sans'; font-size: 20px; font-style: normal; font-weight: 400; color: #929292;\">Gesti\u00f3n de proyectos en un contexto internacional<\/p><p style=\"font-variant-ligatures: normal; font-variant-caps: normal; font-family: 'Open Sans'; font-size: 20px; font-style: normal; font-weight: 400; color: #929292;\">Intervenciones directas y puntuales en la empresa<\/p><p style=\"font-variant-ligatures: normal; font-variant-caps: normal; font-family: 'Open Sans'; font-size: 20px; font-style: normal; font-weight: 400; color: #929292;\"><em style=\"font-size: 20px;\"><span style=\"font-size: 20px; text-decoration-line: underline;\"><span style=\"font-size: 20px; font-weight: 600;\">Contactar<\/span><\/span><\/em><\/p><p style=\"font-variant-ligatures: normal; font-variant-caps: normal; font-family: 'Open Sans'; font-size: 20px; font-style: normal; font-weight: 400; color: #929292;\">Para pedirnos un presupuesto o para hacernos cualquier pregunta acerca de las prestaciones, pueden ponerse en contacto con nosotros escribi\u00e9ndonos a la siguiente direcci\u00f3n:<\/p><p style=\"font-variant-ligatures: normal; font-variant-caps: normal; font-family: 'Open Sans'; font-size: 20px; font-style: normal; font-weight: 400; color: #929292;\">contact@proussel.fr<\/p><p style=\"box-sizing: border-box; margin: 0px 0px 20px; padding: 0px; border: 0px; outline: 0px; font-variant-ligatures: normal; font-variant-caps: normal; font-variant-numeric: inherit; font-variant-east-asian: inherit; font-stretch: inherit; line-height: inherit; vertical-align: baseline; font-family: 'Open Sans'; font-size: 20px; font-style: normal; font-weight: 400; color: #929292; letter-spacing: normal; orphans: 2; text-align: start; text-indent: 0px; text-transform: none; white-space: normal; widows: 2; word-spacing: 0px; -webkit-text-stroke-width: 0px; background-color: #ffffff; text-decoration-thickness: initial; text-decoration-style: initial; text-decoration-color: initial;\">Y les responderemos lo antes posible<\/p>\t\t\t\t\t\t<\/div>\n\t\t\t\t<\/div>\n\t\t\t\t\t<\/div>\n\t\t<\/div>\n\t\t\t\t<div class=\"elementor-column elementor-col-33 elementor-top-column elementor-element elementor-element-aead294\" data-id=\"aead294\" data-element_type=\"column\">\n\t\t\t<div class=\"elementor-widget-wrap elementor-element-populated\">\n\t\t\t\t\t\t\t\t<div class=\"elementor-element elementor-element-7a02eff elementor-widget elementor-widget-text-editor\" data-id=\"7a02eff\" data-element_type=\"widget\" data-widget_type=\"text-editor.default\">\n\t\t\t\t<div class=\"elementor-widget-container\">\n\t\t\t\t\t\t\t<p class=\"has-text-align-center\" style=\"font-variant-ligatures: normal; font-variant-caps: normal; font-family: 'Open Sans'; font-size: 20px; font-style: normal; font-weight: 400;\"><span style=\"font-size: 20px; text-decoration-line: underline;\"><span style=\"font-size: 20px; font-weight: 600;\"><img loading=\"lazy\" decoding=\"async\" class=\"wp-image-834 alignleft\" src=\"http:\/\/www.rousselconsulting.fr\/wp-content\/uploads\/2022\/02\/240px-Flag_of_the_United_Kingdom.svg.png\" alt=\"\" width=\"68\" height=\"34\" \/>Services<\/span><\/span><\/p><p style=\"font-variant-ligatures: normal; font-variant-caps: normal; font-family: 'Open Sans'; font-size: 20px; font-style: normal; font-weight: 400;\"><em style=\"font-size: 20px;\"><span style=\"font-size: 20px; font-weight: 600;\">Consulting and training<\/span><\/em><\/p><p style=\"font-variant-ligatures: normal; font-variant-caps: normal; font-family: 'Open Sans'; font-size: 20px; font-style: normal; font-weight: 400;\">Relational and structural trouble shooting in international business : from diagnosis to application<\/p><p style=\"font-variant-ligatures: normal; font-variant-caps: normal; font-family: 'Open Sans'; font-size: 20px; font-style: normal; font-weight: 400;\">Training : business management in multicultural environment<\/p><p style=\"font-variant-ligatures: normal; font-variant-caps: normal; font-family: 'Open Sans'; font-size: 20px; font-style: normal; font-weight: 400;\">Support in international business<\/p><p style=\"font-variant-ligatures: normal; font-variant-caps: normal; font-family: 'Open Sans'; font-size: 20px; font-style: normal; font-weight: 400;\">Project management in international context<\/p><p style=\"font-variant-ligatures: normal; font-variant-caps: normal; font-family: 'Open Sans'; font-size: 20px; font-style: normal; font-weight: 400;\">Spot interventions in the field<\/p><p style=\"font-variant-ligatures: normal; font-variant-caps: normal; font-family: 'Open Sans'; font-size: 20px; font-style: normal; font-weight: 400;\"><em style=\"font-size: 20px;\"><span style=\"font-size: 20px; text-decoration-line: underline;\"><span style=\"font-size: 20px; font-weight: 600;\">Contact<\/span><\/span><\/em><\/p><p style=\"font-variant-ligatures: normal; font-variant-caps: normal; font-family: 'Open Sans'; font-size: 20px; font-style: normal; font-weight: 400;\">To communicate your requests for quotes and your questions concerning the services, please contact us by writing to the following address:<\/p><p style=\"font-variant-ligatures: normal; font-variant-caps: normal; font-family: 'Open Sans'; font-size: 20px; font-style: normal; font-weight: 400;\">contact@proussel.fr<\/p><p><span style=\"font-family: 'Open Sans'; font-size: 20px; font-style: normal; font-variant-ligatures: normal; font-variant-caps: normal; font-weight: 400;\">And we will get back to you asap<\/span><span style=\"font-size: 20px;\">s<\/span><\/p>\t\t\t\t\t\t<\/div>\n\t\t\t\t<\/div>\n\t\t\t\t<div class=\"elementor-element elementor-element-4a7263b elementor-widget elementor-widget-text-editor\" data-id=\"4a7263b\" data-element_type=\"widget\" data-widget_type=\"text-editor.default\">\n\t\t\t\t<div class=\"elementor-widget-container\">\n\t\t\t\t\t\t\t<p style=\"font-variant-ligatures: normal; font-variant-caps: normal; font-family: 'Open Sans'; font-size: 20px; font-style: normal; font-weight: 400; color: #929292; text-align: center;\"><span style=\"font-size: 20px; text-decoration-line: underline;\"><span style=\"font-size: 20px; font-weight: 600;\"><img loading=\"lazy\" decoding=\"async\" class=\"wp-image-831 alignleft\" style=\"font-size: 20px;\" src=\"http:\/\/www.rousselconsulting.fr\/wp-content\/uploads\/2022\/02\/180px-Flag_of_Japan.svg.png\" alt=\"\" width=\"89\" height=\"59\" \/>\u30b3\u30f3\u30b5\u30eb\u30c6\u30a3\u30f3\u30b0\u3068\u30b9\u30ad\u30eb\u990a\u6210<\/span><\/span><\/p><p style=\"font-variant-ligatures: normal; font-variant-caps: normal; font-family: 'Open Sans'; font-size: 20px; font-style: normal; font-weight: 400; color: #929292;\"><span style=\"font-size: 20px; font-weight: 600;\">\u30b5\u30fc\u30d3\u30b9<\/span><\/p><p style=\"font-variant-ligatures: normal; font-variant-caps: normal; font-family: 'Open Sans'; font-size: 20px; font-style: normal; font-weight: 400; color: #929292;\">\u56fd\u969b\u7684\u30d3\u30b8\u30cd\u30b9\u306b\u304a\u3044\u3066\u751f\u3058\u3046\u308b\u69d8\u3005\u306a\u4eba\u9593\u95a2\u4fc2\u3084\u7d4c\u55b6\u4e0a\u306e\u554f\u984c\u306e\u89e3\u6c7a : \u8a3a\u65ad\u304b\u3089\u9042\u884c\u307e\u3067\u627f\u3063\u3066\u304a\u308a\u307e\u3059<\/p><p style=\"font-variant-ligatures: normal; font-variant-caps: normal; font-family: 'Open Sans'; font-size: 20px; font-style: normal; font-weight: 400; color: #929292;\">\u4e3b\u306a\u30b5\u30fc\u30d3\u30b9\u5185\u5bb9<\/p><p style=\"font-variant-ligatures: normal; font-variant-caps: normal; font-family: 'Open Sans'; font-size: 20px; font-style: normal; font-weight: 400; color: #929292;\">\u591a\u6587\u5316\u74b0\u5883\u306b\u304a\u3051\u308b\u30d3\u30b8\u30cd\u30b9\u30de\u30cd\u30fc\u30b8\u30e1\u30f3\u30c8\u30b9\u30ad\u30eb\u306e\u990a\u6210<\/p><p style=\"font-variant-ligatures: normal; font-variant-caps: normal; font-family: 'Open Sans'; font-size: 20px; font-style: normal; font-weight: 400; color: #929292;\">\u2013 \u56fd\u969b\u30d7\u30ed\u30b8\u30a7\u30af\u30c8\u306e\u30b5\u30dd\u30fc\u30c8<\/p><p style=\"font-variant-ligatures: normal; font-variant-caps: normal; font-family: 'Open Sans'; font-size: 20px; font-style: normal; font-weight: 400; color: #929292;\">\u2013 \u56fd\u969b\u7684\u306a\u72b6\u6cc1\u4e0b\u3067\u306e\u30d7\u30ed\u30b8\u30a7\u30af\u30c8\u30de\u30cd\u30fc\u30b8\u30e1\u30f3\u30c8<\/p><p style=\"font-variant-ligatures: normal; font-variant-caps: normal; font-family: 'Open Sans'; font-size: 20px; font-style: normal; font-weight: 400; color: #929292;\">\u2013 \u73fe\u5730\u3067\u306e\u76f4\u63a5\u7684\u304b\u3064\u30bf\u30a4\u30e0\u30ea\u30fc\u306a\u4ecb\u5165<\/p><p style=\"font-variant-ligatures: normal; font-variant-caps: normal; font-family: 'Open Sans'; font-size: 20px; font-style: normal; font-weight: 400; color: #929292;\">\u304a\u898b\u7a4d\u3082\u308a\u306e\u3054\u4f9d\u983c\u3084\u5f0a\u793e\u30b5\u30fc\u30d3\u30b9\u306b\u95a2\u3059\u308b\u304a\u554f\u3044\u5408\u308f\u305b\u306f\u3001\u30e1\u30fc\u30eb\u306b\u3066\u304a\u9858\u3044\u3044\u305f\u3057\u307e\u3059\u3002<\/p><p style=\"font-variant-ligatures: normal; font-variant-caps: normal; font-family: 'Open Sans'; font-size: 20px; font-style: normal; font-weight: 400; color: #929292;\">\u5b9b\u5148\u00a0: contact@proussel.fr<\/p><p style=\"font-variant-ligatures: normal; font-variant-caps: normal; font-family: 'Open Sans'; font-size: 20px; font-style: normal; font-weight: 400; color: #929292;\">\u8fc5\u901f\u306b\u3054\u8fd4\u7b54\u3044\u305f\u3057\u307e\u3059\u3002<\/p>\t\t\t\t\t\t<\/div>\n\t\t\t\t<\/div>\n\t\t\t\t\t<\/div>\n\t\t<\/div>\n\t\t\t\t<div class=\"elementor-column elementor-col-33 elementor-top-column elementor-element elementor-element-2cbab02\" data-id=\"2cbab02\" data-element_type=\"column\">\n\t\t\t<div class=\"elementor-widget-wrap elementor-element-populated\">\n\t\t\t\t\t\t\t\t<div class=\"elementor-element elementor-element-c097f57 elementor-widget elementor-widget-text-editor\" data-id=\"c097f57\" data-element_type=\"widget\" data-widget_type=\"text-editor.default\">\n\t\t\t\t<div class=\"elementor-widget-container\">\n\t\t\t\t\t\t\t<p class=\"has-text-align-center\" style=\"font-variant-ligatures: normal; font-variant-caps: normal; font-family: 'Open Sans'; font-size: 20px; font-style: normal; font-weight: 400;\"><span style=\"font-size: 20px; text-decoration-line: underline;\"><span style=\"font-size: 20px; font-weight: 600;\"><img loading=\"lazy\" decoding=\"async\" class=\"wp-image-830 alignleft\" src=\"http:\/\/www.rousselconsulting.fr\/wp-content\/uploads\/2022\/02\/180px-Flag_of_Italy.svg.png\" alt=\"\" width=\"71\" height=\"47\" \/>Consulenza e formazione<\/span><\/span><\/p><p style=\"font-variant-ligatures: normal; font-variant-caps: normal; font-family: 'Open Sans'; font-size: 20px; font-style: normal; font-weight: 400;\"><em style=\"font-size: 20px;\"><span style=\"font-size: 20px; font-weight: 600;\">Prestazioni<\/span><\/em><\/p><p style=\"font-variant-ligatures: normal; font-variant-caps: normal; font-family: 'Open Sans'; font-size: 20px; font-style: normal; font-weight: 400;\">Formazione mirata nella gestione aziendale in un ambiente multiculturale<\/p><p style=\"font-variant-ligatures: normal; font-variant-caps: normal; font-family: 'Open Sans'; font-size: 20px; font-style: normal; font-weight: 400;\">Risoluzione di problemi relazionali e strutturali nell\u2019ambito di attivit\u00e0 internazionali: dalla diagnosi all\u2019implementazione<\/p><p style=\"font-variant-ligatures: normal; font-variant-caps: normal; font-family: 'Open Sans'; font-size: 20px; font-style: normal; font-weight: 400;\">Supporto in progetti internazionali<\/p><p style=\"font-variant-ligatures: normal; font-variant-caps: normal; font-family: 'Open Sans'; font-size: 20px; font-style: normal; font-weight: 400;\">Project management in un contesto internazionale<\/p><p style=\"font-variant-ligatures: normal; font-variant-caps: normal; font-family: 'Open Sans'; font-size: 20px; font-style: normal; font-weight: 400;\">Interventi diretti e puntuali sul campo<\/p><p style=\"font-variant-ligatures: normal; font-variant-caps: normal; font-family: 'Open Sans'; font-size: 20px; font-style: normal; font-weight: 400;\"><em style=\"font-size: 20px;\"><span style=\"font-size: 20px; text-decoration-line: underline;\"><span style=\"font-size: 20px; font-weight: 600;\">Contatto<\/span><\/span><\/em><\/p><p style=\"font-variant-ligatures: normal; font-variant-caps: normal; font-family: 'Open Sans'; font-size: 20px; font-style: normal; font-weight: 400;\">Per comunicare le vostre richieste di preventivo e le vostre domande sui servizi, contattateci scrivendo al seguente indirizzo:<\/p><p style=\"font-variant-ligatures: normal; font-variant-caps: normal; font-family: 'Open Sans'; font-size: 20px; font-style: normal; font-weight: 400;\">contact@proussel.fr<\/p><p style=\"font-variant-ligatures: normal; font-variant-caps: normal; font-family: 'Open Sans'; font-size: 20px; font-style: normal; font-weight: 400;\">E le risponderemo al pi\u00f9 presto<\/p><p style=\"text-align: center;\"><span style=\"text-decoration: underline;\"><strong>\u00a0<\/strong><\/span><\/p>\t\t\t\t\t\t<\/div>\n\t\t\t\t<\/div>\n\t\t\t\t\t<\/div>\n\t\t<\/div>\n\t\t\t\t\t\t\t<\/div>\n\t\t<\/section>\n\t\t\t\t\t\t\t<\/div>\n\t\t","protected":false},"excerpt":{"rendered":"<p>Contactez-nous &nbsp;&nbsp;Pour communiquer vos demandes de devis et vos questions concernant les prestations, veuillez prendre contact en \u00e9crivant \u00e0 l\u2019adresse suivante : contact@proussel.fr Et nous nous engageons \u00e0 vous r\u00e9pondre dans les d\u00e9lais les plus brefs &nbsp; &nbsp; &nbsp; &nbsp; &nbsp; &nbsp; &nbsp; &nbsp; Kontakt F\u00fcr Preisanfragen und Fragen zu unserem Serviceangebot schreiben Sie bitte [&hellip;]<\/p>\n","protected":false},"author":1,"featured_media":0,"parent":0,"menu_order":0,"comment_status":"closed","ping_status":"closed","template":"","meta":{"footnotes":""},"_links":{"self":[{"href":"https:\/\/www.rousselconsulting.fr\/index.php\/wp-json\/wp\/v2\/pages\/68"}],"collection":[{"href":"https:\/\/www.rousselconsulting.fr\/index.php\/wp-json\/wp\/v2\/pages"}],"about":[{"href":"https:\/\/www.rousselconsulting.fr\/index.php\/wp-json\/wp\/v2\/types\/page"}],"author":[{"embeddable":true,"href":"https:\/\/www.rousselconsulting.fr\/index.php\/wp-json\/wp\/v2\/users\/1"}],"replies":[{"embeddable":true,"href":"https:\/\/www.rousselconsulting.fr\/index.php\/wp-json\/wp\/v2\/comments?post=68"}],"version-history":[{"count":64,"href":"https:\/\/www.rousselconsulting.fr\/index.php\/wp-json\/wp\/v2\/pages\/68\/revisions"}],"predecessor-version":[{"id":1062,"href":"https:\/\/www.rousselconsulting.fr\/index.php\/wp-json\/wp\/v2\/pages\/68\/revisions\/1062"}],"wp:attachment":[{"href":"https:\/\/www.rousselconsulting.fr\/index.php\/wp-json\/wp\/v2\/media?parent=68"}],"curies":[{"name":"wp","href":"https:\/\/api.w.org\/{rel}","templated":true}]}}