{"id":168,"date":"2022-07-13T00:00:55","date_gmt":"2022-07-12T22:00:55","guid":{"rendered":"https:\/\/oceanwp.org\/gym\/?page_id=168"},"modified":"2022-07-13T21:38:54","modified_gmt":"2022-07-13T19:38:54","slug":"services","status":"publish","type":"page","link":"https:\/\/www.rousselconsulting.fr\/index.php\/services\/","title":{"rendered":"Prestations"},"content":{"rendered":"\t\t<div data-elementor-type=\"wp-page\" data-elementor-id=\"168\" class=\"elementor elementor-168\">\n\t\t\t\t\t\t\t\t\t<section class=\"elementor-section elementor-top-section elementor-element elementor-element-hxb4r4j elementor-section-boxed elementor-section-height-default elementor-section-height-default\" data-id=\"hxb4r4j\" data-element_type=\"section\">\n\t\t\t\t\t\t<div class=\"elementor-container elementor-column-gap-default\">\n\t\t\t\t\t<div class=\"elementor-column elementor-col-33 elementor-top-column elementor-element elementor-element-pfcxjkm\" data-id=\"pfcxjkm\" data-element_type=\"column\">\n\t\t\t<div class=\"elementor-widget-wrap\">\n\t\t\t\t\t\t\t\t\t<\/div>\n\t\t<\/div>\n\t\t\t\t<div class=\"elementor-column elementor-col-33 elementor-top-column elementor-element elementor-element-gj9h3n3\" data-id=\"gj9h3n3\" data-element_type=\"column\">\n\t\t\t<div class=\"elementor-widget-wrap elementor-element-populated\">\n\t\t\t\t\t\t\t\t<div class=\"elementor-element elementor-element-3sxbocs elementor-widget elementor-widget-heading\" data-id=\"3sxbocs\" data-element_type=\"widget\" data-widget_type=\"heading.default\">\n\t\t\t\t<div class=\"elementor-widget-container\">\n\t\t\t<h2 class=\"elementor-heading-title elementor-size-default\">En savoir plus sur nos prestations<\/h2>\t\t<\/div>\n\t\t\t\t<\/div>\n\t\t\t\t\t<\/div>\n\t\t<\/div>\n\t\t\t\t<div class=\"elementor-column elementor-col-33 elementor-top-column elementor-element elementor-element-kwcau18\" data-id=\"kwcau18\" data-element_type=\"column\">\n\t\t\t<div class=\"elementor-widget-wrap\">\n\t\t\t\t\t\t\t\t\t<\/div>\n\t\t<\/div>\n\t\t\t\t\t\t\t<\/div>\n\t\t<\/section>\n\t\t\t\t<section class=\"elementor-section elementor-top-section elementor-element elementor-element-wc32dhj elementor-section-boxed elementor-section-height-default elementor-section-height-default\" data-id=\"wc32dhj\" data-element_type=\"section\">\n\t\t\t\t\t\t<div class=\"elementor-container elementor-column-gap-default\">\n\t\t\t\t\t<div class=\"elementor-column elementor-col-50 elementor-top-column elementor-element elementor-element-3lvs1hh\" data-id=\"3lvs1hh\" data-element_type=\"column\">\n\t\t\t<div class=\"elementor-widget-wrap elementor-element-populated\">\n\t\t\t\t\t\t\t\t<div class=\"elementor-element elementor-element-0qyz76l elementor-widget elementor-widget-text-editor\" data-id=\"0qyz76l\" data-element_type=\"widget\" data-widget_type=\"text-editor.default\">\n\t\t\t\t<div class=\"elementor-widget-container\">\n\t\t\t\t\t\t\t<p style=\"font-weight: bold; font-size: 11px; color: #555; margin: 20px 0 5px; letter-spacing: 1px; text-transform: uppercase; text-align: center;\">Ignorer les diff\u00e9rences culturelles en situation professionnelle ou d\u2019affaire est un risque r\u00e9el qui cr\u00e9e des obstacles invisibles au commerce international. Pour anticiper les conflits dus \u00e0 ces malentendus culturels<\/p>\n<p><\/p>\n\n<hr style=\"background: #777; width: 45px; height: 2px; margin: 6px auto; border: 0;\" \/>\n<p><\/p>\n<h2 style=\"color: #333; font-size: 25px; font-weight: normal; margin: 0 0 20px; text-transform: uppercase; letter-spacing: 1px; text-align: center;\">Conseil et Formation<\/h2>\n\n<hr style=\"background: #777; width: 45px; height: 2px; margin: 6px auto; border: 0;\" \/>\n<p style=\"font-weight: bold; font-size: 11px; color: #555; margin: 20px 0 5px; letter-spacing: 1px; text-transform: uppercase; text-align: left;\">Prestations sur mesure<br><br>\nR\u00e9solution de probl\u00e8mes relationnels et structurels dans le cadre d\u2019activit\u00e9s internationales : du diagnostic \u00e0 la mise en place\n<br><br>\nFormations cibl\u00e9es au management d\u2019affaires dans un environnement multiculturel\n<br><br>\nAccompagnement dans les projets internationaux\n<br><br>\nGestion de projets dans un contexte international\nInterventions directes et ponctuelles sur le terrain\n<br><br>\nInnovation et cr\u00e9ativit\u00e9 !<\/p>\t\t\t\t\t\t<\/div>\n\t\t\t\t<\/div>\n\t\t\t\t\t<\/div>\n\t\t<\/div>\n\t\t\t\t<div class=\"elementor-column elementor-col-50 elementor-top-column elementor-element elementor-element-a1313yz\" data-id=\"a1313yz\" data-element_type=\"column\">\n\t\t\t<div class=\"elementor-widget-wrap elementor-element-populated\">\n\t\t\t\t\t\t\t\t<div class=\"elementor-element elementor-element-npdc3wa elementor-widget elementor-widget-text-editor\" data-id=\"npdc3wa\" data-element_type=\"widget\" data-widget_type=\"text-editor.default\">\n\t\t\t\t<div class=\"elementor-widget-container\">\n\t\t\t\t\t\t\t<p style=\"font-weight: bold; font-size: 11px; color: #555; margin: 20px 0 5px; letter-spacing: 1px; text-transform: uppercase; text-align: center;\">Das Ignorieren kultureller Unterschiede in beruflichen oder gesch\u00e4ftlichen Situationen ist ein echtes Risiko, das unsichtbare Barrieren f\u00fcr den internationalen Handel schafft. Um Konflikten aufgrund dieser kulturellen Missverst\u00e4ndnisse vorzubeugen<\/p>\n\n<p><\/p><p><\/p>\n<hr style=\"background: #777; width: 45px; height: 2px; margin: 6px auto; border: 0;\" \/>\n<p><\/p>\n<h2 style=\"color: #333; font-size: 25px; font-weight: normal; margin: 0 0 20px; text-transform: uppercase; letter-spacing: 1px; text-align: center;\">Beratung und Schulung<\/h2>\n<div>\n\n<hr style=\"background: #777; width: 45px; height: 2px; margin: 6px auto; border: 0;\" \/>\n<p><\/p>\n<p style=\"font-weight: bold; font-size: 11px; color: #555; margin: 20px 0 5px; letter-spacing: 1px; text-transform: uppercase; text-align: left;\">\nMa\u00dfgeschneiderte Dienstleistungen<br><br>\nL\u00f6sung von Beziehungs- und Strukturproblemen im Rahmen internationaler Aktivit\u00e4ten: von der Diagnose bis zur Umsetzung<br><br>\nGezielte Ausbildung in Unternehmensf\u00fchrung in einem multikulturellen Umfeld<br><br>\nUnterst\u00fctzung bei internationalen Projekten\nProjektmanagement im internationalen Kontext<br><br>\nDirekte und punktuelle Interventionen vor Ort<br><br>\nInnovation und Kreativit\u00e4t !\n<\/p>\n<\/div>\t\t\t\t\t\t<\/div>\n\t\t\t\t<\/div>\n\t\t\t\t\t<\/div>\n\t\t<\/div>\n\t\t\t\t\t\t\t<\/div>\n\t\t<\/section>\n\t\t\t\t\t\t\t<\/div>\n\t\t","protected":false},"excerpt":{"rendered":"<p>En savoir plus sur nos prestations Ignorer les diff\u00e9rences culturelles en situation professionnelle ou d\u2019affaire est un risque r\u00e9el qui cr\u00e9e des obstacles invisibles au commerce international. Pour anticiper les conflits dus \u00e0 ces malentendus culturels Conseil et Formation Prestations sur mesure R\u00e9solution de probl\u00e8mes relationnels et structurels dans le cadre d\u2019activit\u00e9s internationales : du [&hellip;]<\/p>\n","protected":false},"author":1,"featured_media":0,"parent":0,"menu_order":0,"comment_status":"closed","ping_status":"closed","template":"","meta":{"footnotes":""},"_links":{"self":[{"href":"https:\/\/www.rousselconsulting.fr\/index.php\/wp-json\/wp\/v2\/pages\/168"}],"collection":[{"href":"https:\/\/www.rousselconsulting.fr\/index.php\/wp-json\/wp\/v2\/pages"}],"about":[{"href":"https:\/\/www.rousselconsulting.fr\/index.php\/wp-json\/wp\/v2\/types\/page"}],"author":[{"embeddable":true,"href":"https:\/\/www.rousselconsulting.fr\/index.php\/wp-json\/wp\/v2\/users\/1"}],"replies":[{"embeddable":true,"href":"https:\/\/www.rousselconsulting.fr\/index.php\/wp-json\/wp\/v2\/comments?post=168"}],"version-history":[{"count":77,"href":"https:\/\/www.rousselconsulting.fr\/index.php\/wp-json\/wp\/v2\/pages\/168\/revisions"}],"predecessor-version":[{"id":1074,"href":"https:\/\/www.rousselconsulting.fr\/index.php\/wp-json\/wp\/v2\/pages\/168\/revisions\/1074"}],"wp:attachment":[{"href":"https:\/\/www.rousselconsulting.fr\/index.php\/wp-json\/wp\/v2\/media?parent=168"}],"curies":[{"name":"wp","href":"https:\/\/api.w.org\/{rel}","templated":true}]}}